{"id":453,"date":"2023-03-14T10:09:27","date_gmt":"2023-03-14T10:09:27","guid":{"rendered":"https:\/\/www.imprenta-almira.com\/?page_id=453"},"modified":"2025-09-08T11:23:58","modified_gmt":"2025-09-08T11:23:58","slug":"carteles","status":"publish","type":"page","link":"https:\/\/www.imprenta-almira.com\/en\/carteles\/","title":{"rendered":"paper posters"},"content":{"rendered":"","protected":false},"excerpt":{"rendered":"","protected":false},"author":2,"featured_media":0,"parent":0,"menu_order":0,"comment_status":"closed","ping_status":"closed","template":"","meta":{"_acf_changed":false,"footnotes":""},"class_list":["post-453","page","type-page","status-publish","hentry"],"acf":[],"yoast_head":"<!-- This site is optimized with the Yoast SEO plugin v27.4 - https:\/\/yoast.com\/product\/yoast-seo-wordpress\/ -->\n<title>Imprenta Almira Brea. Carteles en papel<\/title>\n<meta name=\"description\" content=\"En Imprenta Almira ofrecemos servicios de impresi\u00f3n de carteles personalizados para su empresa o negocio. Contamos con una amplia variedad de dise\u00f1os y opciones de impresi\u00f3n para satisfacer las necesidades de su empresa. Descubra nuestras opciones de carteles publicitarios y llame la atenci\u00f3n de sus clientes de manera efectiva y econ\u00f3mica.\" \/>\n<meta name=\"robots\" content=\"index, follow, max-snippet:-1, max-image-preview:large, max-video-preview:-1\" \/>\n<link rel=\"canonical\" href=\"https:\/\/www.imprenta-almira.com\/en\/carteles\/\" \/>\n<meta property=\"og:locale\" content=\"en_GB\" \/>\n<meta property=\"og:type\" content=\"article\" \/>\n<meta property=\"og:title\" content=\"Imprenta Almira Brea. Carteles en papel\" \/>\n<meta property=\"og:description\" content=\"En Imprenta Almira ofrecemos servicios de impresi\u00f3n de carteles personalizados para su empresa o negocio. Contamos con una amplia variedad de dise\u00f1os y opciones de impresi\u00f3n para satisfacer las necesidades de su empresa. Descubra nuestras opciones de carteles publicitarios y llame la atenci\u00f3n de sus clientes de manera efectiva y econ\u00f3mica.\" \/>\n<meta property=\"og:url\" content=\"https:\/\/www.imprenta-almira.com\/en\/carteles\/\" \/>\n<meta property=\"og:site_name\" content=\"Imprenta Almira Brea\" \/>\n<meta property=\"article:modified_time\" content=\"2025-09-08T11:23:58+00:00\" \/>\n<meta name=\"twitter:card\" content=\"summary_large_image\" \/>\n<script type=\"application\/ld+json\" class=\"yoast-schema-graph\">{\"@context\":\"https:\\\/\\\/schema.org\",\"@graph\":[{\"@type\":\"WebPage\",\"@id\":\"https:\\\/\\\/www.imprenta-almira.com\\\/carteles\\\/\",\"url\":\"https:\\\/\\\/www.imprenta-almira.com\\\/carteles\\\/\",\"name\":\"Imprenta Almira Brea. Carteles en papel\",\"isPartOf\":{\"@id\":\"https:\\\/\\\/www.imprenta-almira.com\\\/#website\"},\"datePublished\":\"2023-03-14T10:09:27+00:00\",\"dateModified\":\"2025-09-08T11:23:58+00:00\",\"description\":\"En Imprenta Almira ofrecemos servicios de impresi\u00f3n de carteles personalizados para su empresa o negocio. Contamos con una amplia variedad de dise\u00f1os y opciones de impresi\u00f3n para satisfacer las necesidades de su empresa. Descubra nuestras opciones de carteles publicitarios y llame la atenci\u00f3n de sus clientes de manera efectiva y econ\u00f3mica.\",\"breadcrumb\":{\"@id\":\"https:\\\/\\\/www.imprenta-almira.com\\\/carteles\\\/#breadcrumb\"},\"inLanguage\":\"en-GB\",\"potentialAction\":[{\"@type\":\"ReadAction\",\"target\":[\"https:\\\/\\\/www.imprenta-almira.com\\\/carteles\\\/\"]}]},{\"@type\":\"BreadcrumbList\",\"@id\":\"https:\\\/\\\/www.imprenta-almira.com\\\/carteles\\\/#breadcrumb\",\"itemListElement\":[{\"@type\":\"ListItem\",\"position\":1,\"name\":\"Portada\",\"item\":\"https:\\\/\\\/www.imprenta-almira.com\\\/\"},{\"@type\":\"ListItem\",\"position\":2,\"name\":\"Carteles en papel\"}]},{\"@type\":\"WebSite\",\"@id\":\"https:\\\/\\\/www.imprenta-almira.com\\\/#website\",\"url\":\"https:\\\/\\\/www.imprenta-almira.com\\\/\",\"name\":\"Imprenta Almira Brea\",\"description\":\"\",\"potentialAction\":[{\"@type\":\"SearchAction\",\"target\":{\"@type\":\"EntryPoint\",\"urlTemplate\":\"https:\\\/\\\/www.imprenta-almira.com\\\/?s={search_term_string}\"},\"query-input\":{\"@type\":\"PropertyValueSpecification\",\"valueRequired\":true,\"valueName\":\"search_term_string\"}}],\"inLanguage\":\"en-GB\"}]}<\/script>\n<!-- \/ Yoast SEO plugin. -->","yoast_head_json":{"title":"Almira Brea Printing House. Paper Posters","description":"At Imprenta Almira, we offer custom poster printing services for your company or business. We offer a wide variety of designs and printing options to meet your business needs. Discover our advertising poster options and attract your customers&#039; attention effectively and affordably.","robots":{"index":"index","follow":"follow","max-snippet":"max-snippet:-1","max-image-preview":"max-image-preview:large","max-video-preview":"max-video-preview:-1"},"canonical":"https:\/\/www.imprenta-almira.com\/en\/carteles\/","og_locale":"en_GB","og_type":"article","og_title":"Imprenta Almira Brea. Carteles en papel","og_description":"En Imprenta Almira ofrecemos servicios de impresi\u00f3n de carteles personalizados para su empresa o negocio. Contamos con una amplia variedad de dise\u00f1os y opciones de impresi\u00f3n para satisfacer las necesidades de su empresa. Descubra nuestras opciones de carteles publicitarios y llame la atenci\u00f3n de sus clientes de manera efectiva y econ\u00f3mica.","og_url":"https:\/\/www.imprenta-almira.com\/en\/carteles\/","og_site_name":"Imprenta Almira Brea","article_modified_time":"2025-09-08T11:23:58+00:00","twitter_card":"summary_large_image","schema":{"@context":"https:\/\/schema.org","@graph":[{"@type":"WebPage","@id":"https:\/\/www.imprenta-almira.com\/carteles\/","url":"https:\/\/www.imprenta-almira.com\/carteles\/","name":"Almira Brea Printing House. Paper Posters","isPartOf":{"@id":"https:\/\/www.imprenta-almira.com\/#website"},"datePublished":"2023-03-14T10:09:27+00:00","dateModified":"2025-09-08T11:23:58+00:00","description":"At Imprenta Almira, we offer custom poster printing services for your company or business. We offer a wide variety of designs and printing options to meet your business needs. Discover our advertising poster options and attract your customers&#039; attention effectively and affordably.","breadcrumb":{"@id":"https:\/\/www.imprenta-almira.com\/carteles\/#breadcrumb"},"inLanguage":"en-GB","potentialAction":[{"@type":"ReadAction","target":["https:\/\/www.imprenta-almira.com\/carteles\/"]}]},{"@type":"BreadcrumbList","@id":"https:\/\/www.imprenta-almira.com\/carteles\/#breadcrumb","itemListElement":[{"@type":"ListItem","position":1,"name":"Portada","item":"https:\/\/www.imprenta-almira.com\/"},{"@type":"ListItem","position":2,"name":"Carteles en papel"}]},{"@type":"WebSite","@id":"https:\/\/www.imprenta-almira.com\/#website","url":"https:\/\/www.imprenta-almira.com\/","name":"Almira Brea Printing","description":"","potentialAction":[{"@type":"SearchAction","target":{"@type":"EntryPoint","urlTemplate":"https:\/\/www.imprenta-almira.com\/?s={search_term_string}"},"query-input":{"@type":"PropertyValueSpecification","valueRequired":true,"valueName":"search_term_string"}}],"inLanguage":"en-GB"}]}},"_links":{"self":[{"href":"https:\/\/www.imprenta-almira.com\/en\/wp-json\/wp\/v2\/pages\/453","targetHints":{"allow":["GET"]}}],"collection":[{"href":"https:\/\/www.imprenta-almira.com\/en\/wp-json\/wp\/v2\/pages"}],"about":[{"href":"https:\/\/www.imprenta-almira.com\/en\/wp-json\/wp\/v2\/types\/page"}],"author":[{"embeddable":true,"href":"https:\/\/www.imprenta-almira.com\/en\/wp-json\/wp\/v2\/users\/2"}],"replies":[{"embeddable":true,"href":"https:\/\/www.imprenta-almira.com\/en\/wp-json\/wp\/v2\/comments?post=453"}],"version-history":[{"count":2,"href":"https:\/\/www.imprenta-almira.com\/en\/wp-json\/wp\/v2\/pages\/453\/revisions"}],"predecessor-version":[{"id":695,"href":"https:\/\/www.imprenta-almira.com\/en\/wp-json\/wp\/v2\/pages\/453\/revisions\/695"}],"wp:attachment":[{"href":"https:\/\/www.imprenta-almira.com\/en\/wp-json\/wp\/v2\/media?parent=453"}],"curies":[{"name":"wp","href":"https:\/\/api.w.org\/{rel}","templated":true}]}}