{"id":447,"date":"2023-03-14T09:41:27","date_gmt":"2023-03-14T09:41:27","guid":{"rendered":"https:\/\/www.imprenta-almira.com\/?page_id=447"},"modified":"2025-09-08T11:25:08","modified_gmt":"2025-09-08T11:25:08","slug":"flyers-octavillas","status":"publish","type":"page","link":"https:\/\/www.imprenta-almira.com\/en\/flyers-octavillas\/","title":{"rendered":"Flyers, leaflets"},"content":{"rendered":"","protected":false},"excerpt":{"rendered":"","protected":false},"author":2,"featured_media":0,"parent":0,"menu_order":0,"comment_status":"closed","ping_status":"closed","template":"","meta":{"_acf_changed":false,"footnotes":""},"class_list":["post-447","page","type-page","status-publish","hentry"],"acf":[],"yoast_head":"<!-- This site is optimized with the Yoast SEO plugin v27.4 - https:\/\/yoast.com\/product\/yoast-seo-wordpress\/ -->\n<title>Imprenta Almira Brea. Flyers, octavillas<\/title>\n<meta name=\"description\" content=\"En Imprenta Almira imprimimos flyers y octavillas personalizadas para publicitar tus productos o servicios. Ofrecemos diferentes opciones de papel y acabados para asegurarnos de que tu dise\u00f1o tenga la mejor calidad y llame la atenci\u00f3n de tus clientes potenciales. Descubre nuestra amplia variedad de opciones de impresi\u00f3n y personaliza tus flyers o octavillas con la mejor calidad.\" \/>\n<meta name=\"robots\" content=\"index, follow, max-snippet:-1, max-image-preview:large, max-video-preview:-1\" \/>\n<link rel=\"canonical\" href=\"https:\/\/www.imprenta-almira.com\/en\/flyers-octavillas\/\" \/>\n<meta property=\"og:locale\" content=\"en_GB\" \/>\n<meta property=\"og:type\" content=\"article\" \/>\n<meta property=\"og:title\" content=\"Imprenta Almira Brea. Flyers, octavillas\" \/>\n<meta property=\"og:description\" content=\"En Imprenta Almira imprimimos flyers y octavillas personalizadas para publicitar tus productos o servicios. Ofrecemos diferentes opciones de papel y acabados para asegurarnos de que tu dise\u00f1o tenga la mejor calidad y llame la atenci\u00f3n de tus clientes potenciales. Descubre nuestra amplia variedad de opciones de impresi\u00f3n y personaliza tus flyers o octavillas con la mejor calidad.\" \/>\n<meta property=\"og:url\" content=\"https:\/\/www.imprenta-almira.com\/en\/flyers-octavillas\/\" \/>\n<meta property=\"og:site_name\" content=\"Imprenta Almira Brea\" \/>\n<meta property=\"article:modified_time\" content=\"2025-09-08T11:25:08+00:00\" \/>\n<meta name=\"twitter:card\" content=\"summary_large_image\" \/>\n<script type=\"application\/ld+json\" class=\"yoast-schema-graph\">{\"@context\":\"https:\\\/\\\/schema.org\",\"@graph\":[{\"@type\":\"WebPage\",\"@id\":\"https:\\\/\\\/www.imprenta-almira.com\\\/flyers-octavillas\\\/\",\"url\":\"https:\\\/\\\/www.imprenta-almira.com\\\/flyers-octavillas\\\/\",\"name\":\"Imprenta Almira Brea. Flyers, octavillas\",\"isPartOf\":{\"@id\":\"https:\\\/\\\/www.imprenta-almira.com\\\/#website\"},\"datePublished\":\"2023-03-14T09:41:27+00:00\",\"dateModified\":\"2025-09-08T11:25:08+00:00\",\"description\":\"En Imprenta Almira imprimimos flyers y octavillas personalizadas para publicitar tus productos o servicios. Ofrecemos diferentes opciones de papel y acabados para asegurarnos de que tu dise\u00f1o tenga la mejor calidad y llame la atenci\u00f3n de tus clientes potenciales. Descubre nuestra amplia variedad de opciones de impresi\u00f3n y personaliza tus flyers o octavillas con la mejor calidad.\",\"breadcrumb\":{\"@id\":\"https:\\\/\\\/www.imprenta-almira.com\\\/flyers-octavillas\\\/#breadcrumb\"},\"inLanguage\":\"en-GB\",\"potentialAction\":[{\"@type\":\"ReadAction\",\"target\":[\"https:\\\/\\\/www.imprenta-almira.com\\\/flyers-octavillas\\\/\"]}]},{\"@type\":\"BreadcrumbList\",\"@id\":\"https:\\\/\\\/www.imprenta-almira.com\\\/flyers-octavillas\\\/#breadcrumb\",\"itemListElement\":[{\"@type\":\"ListItem\",\"position\":1,\"name\":\"Portada\",\"item\":\"https:\\\/\\\/www.imprenta-almira.com\\\/\"},{\"@type\":\"ListItem\",\"position\":2,\"name\":\"Flyers, octavillas\"}]},{\"@type\":\"WebSite\",\"@id\":\"https:\\\/\\\/www.imprenta-almira.com\\\/#website\",\"url\":\"https:\\\/\\\/www.imprenta-almira.com\\\/\",\"name\":\"Imprenta Almira Brea\",\"description\":\"\",\"potentialAction\":[{\"@type\":\"SearchAction\",\"target\":{\"@type\":\"EntryPoint\",\"urlTemplate\":\"https:\\\/\\\/www.imprenta-almira.com\\\/?s={search_term_string}\"},\"query-input\":{\"@type\":\"PropertyValueSpecification\",\"valueRequired\":true,\"valueName\":\"search_term_string\"}}],\"inLanguage\":\"en-GB\"}]}<\/script>\n<!-- \/ Yoast SEO plugin. -->","yoast_head_json":{"title":"Almira Brea Printing Press. Flyers, leaflets","description":"At Imprenta Almira, we print custom flyers and leaflets to advertise your products or services. We offer a variety of paper and finishing options to ensure your design is top-quality and captures the attention of your potential customers. Discover our wide variety of printing options and customize your flyers or leaflets with the highest quality.","robots":{"index":"index","follow":"follow","max-snippet":"max-snippet:-1","max-image-preview":"max-image-preview:large","max-video-preview":"max-video-preview:-1"},"canonical":"https:\/\/www.imprenta-almira.com\/en\/flyers-octavillas\/","og_locale":"en_GB","og_type":"article","og_title":"Imprenta Almira Brea. Flyers, octavillas","og_description":"En Imprenta Almira imprimimos flyers y octavillas personalizadas para publicitar tus productos o servicios. Ofrecemos diferentes opciones de papel y acabados para asegurarnos de que tu dise\u00f1o tenga la mejor calidad y llame la atenci\u00f3n de tus clientes potenciales. Descubre nuestra amplia variedad de opciones de impresi\u00f3n y personaliza tus flyers o octavillas con la mejor calidad.","og_url":"https:\/\/www.imprenta-almira.com\/en\/flyers-octavillas\/","og_site_name":"Imprenta Almira Brea","article_modified_time":"2025-09-08T11:25:08+00:00","twitter_card":"summary_large_image","schema":{"@context":"https:\/\/schema.org","@graph":[{"@type":"WebPage","@id":"https:\/\/www.imprenta-almira.com\/flyers-octavillas\/","url":"https:\/\/www.imprenta-almira.com\/flyers-octavillas\/","name":"Almira Brea Printing Press. Flyers, leaflets","isPartOf":{"@id":"https:\/\/www.imprenta-almira.com\/#website"},"datePublished":"2023-03-14T09:41:27+00:00","dateModified":"2025-09-08T11:25:08+00:00","description":"At Imprenta Almira, we print custom flyers and leaflets to advertise your products or services. We offer a variety of paper and finishing options to ensure your design is top-quality and captures the attention of your potential customers. Discover our wide variety of printing options and customize your flyers or leaflets with the highest quality.","breadcrumb":{"@id":"https:\/\/www.imprenta-almira.com\/flyers-octavillas\/#breadcrumb"},"inLanguage":"en-GB","potentialAction":[{"@type":"ReadAction","target":["https:\/\/www.imprenta-almira.com\/flyers-octavillas\/"]}]},{"@type":"BreadcrumbList","@id":"https:\/\/www.imprenta-almira.com\/flyers-octavillas\/#breadcrumb","itemListElement":[{"@type":"ListItem","position":1,"name":"Portada","item":"https:\/\/www.imprenta-almira.com\/"},{"@type":"ListItem","position":2,"name":"Flyers, octavillas"}]},{"@type":"WebSite","@id":"https:\/\/www.imprenta-almira.com\/#website","url":"https:\/\/www.imprenta-almira.com\/","name":"Almira Brea Printing","description":"","potentialAction":[{"@type":"SearchAction","target":{"@type":"EntryPoint","urlTemplate":"https:\/\/www.imprenta-almira.com\/?s={search_term_string}"},"query-input":{"@type":"PropertyValueSpecification","valueRequired":true,"valueName":"search_term_string"}}],"inLanguage":"en-GB"}]}},"_links":{"self":[{"href":"https:\/\/www.imprenta-almira.com\/en\/wp-json\/wp\/v2\/pages\/447","targetHints":{"allow":["GET"]}}],"collection":[{"href":"https:\/\/www.imprenta-almira.com\/en\/wp-json\/wp\/v2\/pages"}],"about":[{"href":"https:\/\/www.imprenta-almira.com\/en\/wp-json\/wp\/v2\/types\/page"}],"author":[{"embeddable":true,"href":"https:\/\/www.imprenta-almira.com\/en\/wp-json\/wp\/v2\/users\/2"}],"replies":[{"embeddable":true,"href":"https:\/\/www.imprenta-almira.com\/en\/wp-json\/wp\/v2\/comments?post=447"}],"version-history":[{"count":2,"href":"https:\/\/www.imprenta-almira.com\/en\/wp-json\/wp\/v2\/pages\/447\/revisions"}],"predecessor-version":[{"id":701,"href":"https:\/\/www.imprenta-almira.com\/en\/wp-json\/wp\/v2\/pages\/447\/revisions\/701"}],"wp:attachment":[{"href":"https:\/\/www.imprenta-almira.com\/en\/wp-json\/wp\/v2\/media?parent=447"}],"curies":[{"name":"wp","href":"https:\/\/api.w.org\/{rel}","templated":true}]}}